{"id":19,"date":"2014-10-15T15:23:58","date_gmt":"2014-10-15T13:23:58","guid":{"rendered":"http:\/\/www.it-service-zinn.de\/?page_id=19"},"modified":"2017-06-08T16:48:53","modified_gmt":"2017-06-08T14:48:53","slug":"support","status":"publish","type":"page","link":"https:\/\/www.it-service-zinn.de\/?page_id=19","title":{"rendered":"Support"},"content":{"rendered":"<p>Nicht immer ist es notwendig direkt zum Kunden zu fahren und die Probleme Vor Ort zu analysieren und zu beheben.<\/p>\n<p>Vieles l\u00e4sst sich per Fernwartung realisieren. Voraussetzung hierf\u00fcr ist eine funktionierende Internetverbindung und das folgende Programm:<\/p>\n<p><a href=\"http:\/\/www.it-service-zinn.de\/Teamviewer.exe\"><img loading=\"lazy\" decoding=\"async\" class=\"size-full wp-image-52 aligncenter\" src=\"http:\/\/www.it-service-zinn.de\/wp-content\/uploads\/2014\/10\/teamviewer_badge.png\" alt=\"Teamviewer\" width=\"200\" height=\"125\" \/><\/a><\/p>\n<p>Durch Klick auf das Icon wird ein kleines Tool zum Verbinden auf Ihren PC gestartet. Folgen sie einfach den Anweisungen des Support Mitarbeiters.<\/p>\n<p>&nbsp;<\/p>\n<hr \/>\n<p>&nbsp;<\/p>\n<p>Sollte etwas nicht per Telefon oder Vor Ort gel\u00f6st werden k\u00f6nnen, steht eine gut sortierte kleine Werkstatt in der Reparaturen, Neuinstallationen oder Wartungen durchgef\u00fchrt werden k\u00f6nnen bereit.<\/p>\n<p><img loading=\"lazy\" decoding=\"async\" class=\"aligncenter wp-image-55 size-large\" src=\"http:\/\/www.it-service-zinn.de\/wp-content\/uploads\/2014\/10\/Werkstatt-1024x802.jpg\" alt=\"Werkstatt\" width=\"640\" height=\"501\" srcset=\"https:\/\/www.it-service-zinn.de\/wp-content\/uploads\/2014\/10\/Werkstatt-1024x802.jpg 1024w, https:\/\/www.it-service-zinn.de\/wp-content\/uploads\/2014\/10\/Werkstatt-300x235.jpg 300w\" sizes=\"auto, (max-width: 640px) 100vw, 640px\" \/><\/p>\n","protected":false},"excerpt":{"rendered":"<p>Nicht immer ist es notwendig direkt zum Kunden zu fahren und die Probleme Vor Ort zu analysieren und zu beheben. Vieles l\u00e4sst sich per Fernwartung realisieren. Voraussetzung hierf\u00fcr ist eine funktionierende Internetverbindung und das folgende Programm: Durch Klick auf das Icon wird ein kleines Tool zum Verbinden auf Ihren PC gestartet. Folgen sie einfach den [&hellip;]<\/p>\n","protected":false},"author":1,"featured_media":0,"parent":0,"menu_order":0,"comment_status":"closed","ping_status":"closed","template":"","meta":{"footnotes":""},"class_list":["post-19","page","type-page","status-publish","hentry"],"_links":{"self":[{"href":"https:\/\/www.it-service-zinn.de\/index.php?rest_route=\/wp\/v2\/pages\/19","targetHints":{"allow":["GET"]}}],"collection":[{"href":"https:\/\/www.it-service-zinn.de\/index.php?rest_route=\/wp\/v2\/pages"}],"about":[{"href":"https:\/\/www.it-service-zinn.de\/index.php?rest_route=\/wp\/v2\/types\/page"}],"author":[{"embeddable":true,"href":"https:\/\/www.it-service-zinn.de\/index.php?rest_route=\/wp\/v2\/users\/1"}],"replies":[{"embeddable":true,"href":"https:\/\/www.it-service-zinn.de\/index.php?rest_route=%2Fwp%2Fv2%2Fcomments&post=19"}],"version-history":[{"count":9,"href":"https:\/\/www.it-service-zinn.de\/index.php?rest_route=\/wp\/v2\/pages\/19\/revisions"}],"predecessor-version":[{"id":121,"href":"https:\/\/www.it-service-zinn.de\/index.php?rest_route=\/wp\/v2\/pages\/19\/revisions\/121"}],"wp:attachment":[{"href":"https:\/\/www.it-service-zinn.de\/index.php?rest_route=%2Fwp%2Fv2%2Fmedia&parent=19"}],"curies":[{"name":"wp","href":"https:\/\/api.w.org\/{rel}","templated":true}]}}