{"id":17,"date":"2014-10-15T15:23:49","date_gmt":"2014-10-15T13:23:49","guid":{"rendered":"http:\/\/www.it-service-zinn.de\/?page_id=17"},"modified":"2015-10-16T07:27:32","modified_gmt":"2015-10-16T05:27:32","slug":"service","status":"publish","type":"page","link":"https:\/\/www.it-service-zinn.de\/?page_id=17","title":{"rendered":"Service"},"content":{"rendered":"<p>Service f\u00fcr Ihre IT!<\/p>\n<p>Konzentrieren Sie sich auf ihre eigentlichen Kernkompetenzen wir k\u00fcmmern uns um Ihre IT-Landschaft.<\/p>\n<p>Arbeitspl\u00e4tze sind heute ohne IT- Unterst\u00fctzung kaum noch vorstellbar. Wer schonmal eine St\u00f6rung an seinem Arbeitsplatz hatte wei\u00df genau &#8211; OHNE IT geht nichts mehr. Die IT leistet oft einen wesentlichen Beitrag zur Abwicklung grundlegender Gesch\u00e4ftsprozesse. Wir stellen die reibungslose Bereitstellung und den st\u00f6rungsfreien Betrieb von klassischen Desktops, mobilem Equipment wie Notebooks, Tablets\u00a0oder\u00a0Smartphones und den Zugriff auf Peripherieger\u00e4te sicher.<\/p>\n<p>Wir unterst\u00fctzen sie bei Fehlern in Hard- &amp;\u00a0Software, Telefonen, Druckern, Internet, Netzwerk, und viel viel mehr!<\/p>\n<p>&nbsp;<\/p>\n<p>&nbsp;<\/p>\n","protected":false},"excerpt":{"rendered":"<p>Service f\u00fcr Ihre IT! Konzentrieren Sie sich auf ihre eigentlichen Kernkompetenzen wir k\u00fcmmern uns um Ihre IT-Landschaft. Arbeitspl\u00e4tze sind heute ohne IT- Unterst\u00fctzung kaum noch vorstellbar. Wer schonmal eine St\u00f6rung an seinem Arbeitsplatz hatte wei\u00df genau &#8211; OHNE IT geht nichts mehr. Die IT leistet oft einen wesentlichen Beitrag zur Abwicklung grundlegender Gesch\u00e4ftsprozesse. Wir stellen [&hellip;]<\/p>\n","protected":false},"author":1,"featured_media":0,"parent":0,"menu_order":0,"comment_status":"closed","ping_status":"closed","template":"","meta":{"footnotes":""},"class_list":["post-17","page","type-page","status-publish","hentry"],"_links":{"self":[{"href":"https:\/\/www.it-service-zinn.de\/index.php?rest_route=\/wp\/v2\/pages\/17","targetHints":{"allow":["GET"]}}],"collection":[{"href":"https:\/\/www.it-service-zinn.de\/index.php?rest_route=\/wp\/v2\/pages"}],"about":[{"href":"https:\/\/www.it-service-zinn.de\/index.php?rest_route=\/wp\/v2\/types\/page"}],"author":[{"embeddable":true,"href":"https:\/\/www.it-service-zinn.de\/index.php?rest_route=\/wp\/v2\/users\/1"}],"replies":[{"embeddable":true,"href":"https:\/\/www.it-service-zinn.de\/index.php?rest_route=%2Fwp%2Fv2%2Fcomments&post=17"}],"version-history":[{"count":4,"href":"https:\/\/www.it-service-zinn.de\/index.php?rest_route=\/wp\/v2\/pages\/17\/revisions"}],"predecessor-version":[{"id":74,"href":"https:\/\/www.it-service-zinn.de\/index.php?rest_route=\/wp\/v2\/pages\/17\/revisions\/74"}],"wp:attachment":[{"href":"https:\/\/www.it-service-zinn.de\/index.php?rest_route=%2Fwp%2Fv2%2Fmedia&parent=17"}],"curies":[{"name":"wp","href":"https:\/\/api.w.org\/{rel}","templated":true}]}}